{"id":22433,"date":"2021-03-22T12:22:42","date_gmt":"2021-03-22T11:22:42","guid":{"rendered":"http:\/\/clients.bxw.rocks\/everbrent\/gegevensbescherming\/"},"modified":"2021-03-22T12:22:44","modified_gmt":"2021-03-22T11:22:44","slug":"gegevensbescherming","status":"publish","type":"page","link":"https:\/\/www.everbrent.com\/nl\/gegevensbescherming\/","title":{"rendered":"Gegevensbescherming"},"content":{"rendered":"\t\t<div data-elementor-type=\"wp-page\" data-elementor-id=\"22433\" class=\"elementor elementor-22433 elementor-21862\" data-elementor-post-type=\"page\">\n\t\t\t\t\t\t<section class=\"elementor-section elementor-top-section elementor-element elementor-element-9b0d15f welcome elementor-section-boxed elementor-section-height-default elementor-section-height-default\" data-id=\"9b0d15f\" data-element_type=\"section\" data-e-type=\"section\" data-settings=\"{&quot;background_background&quot;:&quot;classic&quot;}\">\n\t\t\t\t\t\t<div class=\"elementor-container elementor-column-gap-default\">\n\t\t\t\t\t<div class=\"elementor-column elementor-col-100 elementor-top-column elementor-element elementor-element-0068d59\" data-id=\"0068d59\" data-element_type=\"column\" data-e-type=\"column\" data-settings=\"{&quot;background_background&quot;:&quot;classic&quot;}\">\n\t\t\t<div class=\"elementor-widget-wrap elementor-element-populated\">\n\t\t\t\t\t\t<div class=\"elementor-element elementor-element-f36cf2c elementor-widget elementor-widget-heading\" data-id=\"f36cf2c\" data-element_type=\"widget\" data-e-type=\"widget\" data-widget_type=\"heading.default\">\n\t\t\t\t<div class=\"elementor-widget-container\">\n\t\t\t\t\t<h1 class=\"elementor-heading-title elementor-size-default\">Datenschutz<\/h1>\t\t\t\t<\/div>\n\t\t\t\t<\/div>\n\t\t\t\t<div class=\"elementor-element elementor-element-8db39dd elementor-widget elementor-widget-text-editor\" data-id=\"8db39dd\" data-element_type=\"widget\" data-e-type=\"widget\" data-widget_type=\"text-editor.default\">\n\t\t\t\t<div class=\"elementor-widget-container\">\n\t\t\t\t\t\t\t\t\t<p>Soweit nachstehend keine anderen Angaben gemacht werden, ist die Bereitstellung Ihrer personenbezogenen Daten weder gesetzlich oder vertraglich vorgeschrieben, noch f\u00fcr einen Vertragsabschluss erforderlich. Sie sind zur Bereitstellung der Daten nicht verpflichtet. Eine Nichtbereitstellung hat keine Folgen. Dies gilt nur soweit bei den nachfolgenden Verarbeitungsvorg\u00e4ngen keine anderweitige Angabe gemacht wird.<br \/>\n\u201cPersonenbezogene Daten\u201d sind alle Informationen, die sich auf eine identifizierte oder identifizierbare nat\u00fcrliche Person beziehen.<\/p>\n\t\t\t\t\t\t\t\t<\/div>\n\t\t\t\t<\/div>\n\t\t\t\t<div class=\"elementor-element elementor-element-b978221 elementor-widget elementor-widget-heading\" data-id=\"b978221\" data-element_type=\"widget\" data-e-type=\"widget\" data-widget_type=\"heading.default\">\n\t\t\t\t<div class=\"elementor-widget-container\">\n\t\t\t\t\t<h2 class=\"elementor-heading-title elementor-size-default\">Server-Logfiles<\/h2>\t\t\t\t<\/div>\n\t\t\t\t<\/div>\n\t\t\t\t<div class=\"elementor-element elementor-element-68e2de5 elementor-widget elementor-widget-text-editor\" data-id=\"68e2de5\" data-element_type=\"widget\" data-e-type=\"widget\" data-widget_type=\"text-editor.default\">\n\t\t\t\t<div class=\"elementor-widget-container\">\n\t\t\t\t\t\t\t\t\t<p>Sie k\u00f6nnen unsere Webseiten besuchen, ohne Angaben zu Ihrer Person zu machen.<br \/>\nBei jedem Zugriff auf unsere Website werden an uns oder unseren Webhoster \/ IT-Dienstleister Nutzungsdaten durch Ihren Internet Browser \u00fcbermittelt und in Protokolldaten (sog. Server-Logfiles) gespeichert. Zu diesen gespeicherten Daten geh\u00f6ren z.B. der Name der aufgerufenen Seite, Datum und Uhrzeit des Abrufs, die IP-Adresse, die \u00fcbertragene Datenmenge und der anfragende Provider. Die Verarbeitung erfolgt auf Grundlage des Art. 6 Abs. 1 lit. f DSGVO aus unserem \u00fcberwiegenden berechtigten Interesse an der Gew\u00e4hrleistung eines st\u00f6rungsfreien Betriebs unserer Website sowie zur Verbesserung unseres Angebotes. <\/p>\n\t\t\t\t\t\t\t\t<\/div>\n\t\t\t\t<\/div>\n\t\t\t\t<div class=\"elementor-element elementor-element-7be45d6 elementor-widget elementor-widget-heading\" data-id=\"7be45d6\" data-element_type=\"widget\" data-e-type=\"widget\" data-widget_type=\"heading.default\">\n\t\t\t\t<div class=\"elementor-widget-container\">\n\t\t\t\t\t<h2 class=\"elementor-heading-title elementor-size-default\">Cookies<\/h2>\t\t\t\t<\/div>\n\t\t\t\t<\/div>\n\t\t\t\t<div class=\"elementor-element elementor-element-8c1bc3f elementor-widget elementor-widget-text-editor\" data-id=\"8c1bc3f\" data-element_type=\"widget\" data-e-type=\"widget\" data-widget_type=\"text-editor.default\">\n\t\t\t\t<div class=\"elementor-widget-container\">\n\t\t\t\t\t\t\t\t\t<p>Sie k\u00f6nnen unsere Webseiten besuchen, ohne Angaben zu Ihrer Person zu machen.<br \/>\nBei jedem Zugriff auf unsere Website werden an uns oder unseren Webhoster \/ IT-Dienstleister Nutzungsdaten durch Ihren Internet Browser \u00fcbermittelt und in Protokolldaten (sog. Server-Logfiles) gespeichert. Zu diesen gespeicherten Daten geh\u00f6ren z.B. der Name der aufgerufenen Seite, Datum und Uhrzeit des Abrufs, die IP-Adresse, die \u00fcbertragene Datenmenge und der anfragende Provider. Die Verarbeitung erfolgt auf Grundlage des Art. 6 Abs. 1 lit. f DSGVO aus unserem \u00fcberwiegenden berechtigten Interesse an der Gew\u00e4hrleistung eines st\u00f6rungsfreien Betriebs unserer Website sowie zur Verbesserung unseres Angebotes.<\/p>\n\t\t\t\t\t\t\t\t<\/div>\n\t\t\t\t<\/div>\n\t\t\t\t<div class=\"elementor-element elementor-element-cf7f529 elementor-widget elementor-widget-heading\" data-id=\"cf7f529\" data-element_type=\"widget\" data-e-type=\"widget\" data-widget_type=\"heading.default\">\n\t\t\t\t<div class=\"elementor-widget-container\">\n\t\t\t\t\t<h2 class=\"elementor-heading-title elementor-size-default\">Technisch notwendige Cookies<\/h2>\t\t\t\t<\/div>\n\t\t\t\t<\/div>\n\t\t\t\t<div class=\"elementor-element elementor-element-6f71f66 elementor-widget elementor-widget-text-editor\" data-id=\"6f71f66\" data-element_type=\"widget\" data-e-type=\"widget\" data-widget_type=\"text-editor.default\">\n\t\t\t\t<div class=\"elementor-widget-container\">\n\t\t\t\t\t\t\t\t\t<p>Soweit nachstehend in der Datenschutzerkl\u00e4rung keine anderen Angaben gemacht werden setzen wir nur diese technisch notwendigen Cookies zu dem Zweck ein, unser Angebot nutzerfreundlicher, effektiver und sicherer zu machen. Des Weiteren erm\u00f6glichen Cookies unseren Systemen, Ihren Browser auch nach einem Seitenwechsel zu erkennen und Ihnen Services anzubieten. Einige Funktionen unserer Internetseite k\u00f6nnen ohne den Einsatz von Cookies nicht angeboten werden. F\u00fcr diese ist es erforderlich, dass der Browser auch nach einem Seitenwechsel wiedererkannt wird.<br \/>\nDie Verarbeitung erfolgt auf Grundlage des Art. 6 Abs. 1 lit. f DSGVO aus unserem \u00fcberwiegenden berechtigten Interesse an der Gew\u00e4hrleistung der optimalen Funktionalit\u00e4t der Website sowie einer nutzerfreundlichen und effektiven Gestaltung unseres Angebots. <\/p>\n<p><strong>Sie haben das Recht aus Gr\u00fcnden, die sich aus Ihrer besonderen Situation ergeben, jederzeit dieser auf Art. 6 Abs. 1 lit. f DSGVO beruhenden Verarbeitungen Sie betreffender personenbezogener Daten zu widersprechen.<\/strong><\/p>\n\t\t\t\t\t\t\t\t<\/div>\n\t\t\t\t<\/div>\n\t\t\t\t<div class=\"elementor-element elementor-element-8bb9f3b elementor-widget elementor-widget-heading\" data-id=\"8bb9f3b\" data-element_type=\"widget\" data-e-type=\"widget\" data-widget_type=\"heading.default\">\n\t\t\t\t<div class=\"elementor-widget-container\">\n\t\t\t\t\t<h2 class=\"elementor-heading-title elementor-size-default\">Analyse    <\/h2>\t\t\t\t<\/div>\n\t\t\t\t<\/div>\n\t\t\t\t<div class=\"elementor-element elementor-element-ad8442f elementor-widget elementor-widget-heading\" data-id=\"ad8442f\" data-element_type=\"widget\" data-e-type=\"widget\" data-widget_type=\"heading.default\">\n\t\t\t\t<div class=\"elementor-widget-container\">\n\t\t\t\t\t<h2 class=\"elementor-heading-title elementor-size-default\">Verwendung von Google Analytics<\/h2>\t\t\t\t<\/div>\n\t\t\t\t<\/div>\n\t\t\t\t<div class=\"elementor-element elementor-element-399295c elementor-widget elementor-widget-text-editor\" data-id=\"399295c\" data-element_type=\"widget\" data-e-type=\"widget\" data-widget_type=\"text-editor.default\">\n\t\t\t\t<div class=\"elementor-widget-container\">\n\t\t\t\t\t\t\t\t\t<p>Wir verwenden auf unserer Website den Webanalysedienst Google Analytics der Google LLC. (1600 Amphitheatre Parkway, Mountain View, CA 94043, USA; \u201eGoogle\u201c). Soweit Sie Ihren gew\u00f6hnlichen Aufenthalt im Europ\u00e4ischen Wirtschaftsraum oder der Schweiz haben, ist Google Ireland Limited (Gordon House, Barrow Street, Dublin 4, Irland) der f\u00fcr Ihre Daten zust\u00e4ndige Verantwortliche. Google Ireland Limited ist demnach das mit Google verbundene Unternehmen, welches f\u00fcr die Verarbeitung Ihrer Daten und die Einhaltung der anwendbaren Datenschutzgesetze verantwortlich ist.<br \/>\nDie Datenverarbeitung dient dem Zweck der Analyse dieser Website und ihrer Besucher sowie f\u00fcr Marketing- und Werbezwecke. Dazu wird Google im Auftrag des Betreibers dieser Website die gewonnenen Informationen benutzen, um Ihre Nutzung der Website auszuwerten, um Reports \u00fcber die Websiteaktivit\u00e4ten zusammenzustellen und um weitere, mit der Websitenutzung und der Internetnutzung verbundene Dienstleistungen gegen\u00fcber dem Websitebetreiber zu erbringen. Dabei k\u00f6nnen u.a. folgende Informationen erhoben werden: IP-Adresse, Datum und Uhrzeit des Seitenaufrufs, Klickpfad, Informationen \u00fcber den von Ihnen verwendeten Browser und das von Ihnen verwendete Device (Ger\u00e4t), besuchte Seiten, Referrer-URL (Webseite, \u00fcber die Sie unsere Webseite aufgerufen haben), Standortdaten, Kaufaktivit\u00e4ten.Die im Rahmen von Google Analytics von Ihrem Browser \u00fcbermittelte IP-Adresse wird nicht mit anderen Daten von Google zusammengef\u00fchrt.<br \/>\nGoogle Analytics verwendet Technologien wie Cookies, Webspeicher im Browser und Z\u00e4hlpixel, die eine Analyse der Benutzung der Website durch Sie erm\u00f6glichen. Die dadurch erzeugten Informationen \u00fcber Ihre Benutzung dieser Website werden in der Regel an einen Server von Google in den USA \u00fcbertragen und dort gespeichert. Auf dieser Website ist die IP-Anonymisierung aktiviert. Dadurch wird Ihre IP-Adresse von Google innerhalb von Mitgliedstaaten der Europ\u00e4ischen Union oder in anderen Vertragsstaaten des Abkommens \u00fcber den Europ\u00e4ischen Wirtschaftsraum zuvor gek\u00fcrzt. Nur in Ausnahmef\u00e4llen wird die volle IP-Adresse an einen Server von Google in den USA \u00fcbertragen und dort gek\u00fcrzt.<br \/>\nGoogle hat sich nach dem US-EU-Datenschutzabkommen \u201cPrivacy Shield\u201d zertifiziert und damit verpflichtet, die europ\u00e4ischen Datenschutzrichtlinien einzuhalten.<br \/>\nDie Datenverarbeitung, insbesondere das Setzen von Cookies, erfolgt auf Grundlage des Art. 6 Abs. 1 lit. f DSGVO aus unserem \u00fcberwiegenden berechtigten Interesse an der bedarfsgerechten und zielgerichteten Gestaltung der Website. Sie haben das Recht aus Gr\u00fcnden, die sich aus Ihrer besonderen Situation ergeben, jederzeit dieser auf Art. 6 Abs. 1 lit. f DSGVO beruhenden Verarbeitungen Sie betreffender personenbezogener Daten zu widersprechen.<br \/>\nSie k\u00f6nnen die Erfassung der durch Google Analytics erzeugten und auf Ihre Nutzung der Website bezogenen Daten (inkl. Ihrer IP-Adresse) an Google sowie die Verarbeitung dieser Daten durch Google verhindern, indem Sie das unter dem folgenden Link verf\u00fcgbare Browser-Plug-in herunterladen und installieren: https:\/\/tools.google.com\/dlpage\/gaoptout?hl=de<br \/>\nUm die Datenerfassung und -speicherung durch Google Analytics ger\u00e4te\u00fcbergreifend zu verhindern, k\u00f6nnen Sie einen Opt-Out-Cookie setzen. Opt-Out-Cookies verhindern die zuk\u00fcnftige Erfassung Ihrer Daten beim Besuch dieser Website. Sie m\u00fcssen das Opt-Out auf allen genutzten Systemen und Ger\u00e4ten durchf\u00fchren, damit dies umfassend wirkt. Wenn Sie das Opt-out-Cookie l\u00f6schen, werden wieder Anfragen an Google \u00fcbermittelt. Wenn Sie hier klicken, wird das Opt-Out-Cookie gesetzt: Google Analytics deaktivieren.<br \/>\nN\u00e4here Informationen zu Nutzungsbedingungen und Datenschutz finden Sie unter https:\/\/www.google.com\/analytics\/terms\/de.html bzw. unter https:\/\/www.google.de\/intl\/de\/policies\/ sowie unter https:\/\/policies.google.com\/technologies\/cookies?hl=de.<\/p>\n\t\t\t\t\t\t\t\t<\/div>\n\t\t\t\t<\/div>\n\t\t\t\t<div class=\"elementor-element elementor-element-7a1d653 elementor-widget elementor-widget-text-editor\" data-id=\"7a1d653\" data-element_type=\"widget\" data-e-type=\"widget\" data-widget_type=\"text-editor.default\">\n\t\t\t\t<div class=\"elementor-widget-container\">\n\t\t\t\t\t\t\t\t\t<p>Um die Datenerfassung und -speicherung durch Google Analytics ger\u00e4te\u00fcbergreifend zu verhindern, k\u00f6nnen Sie einen Opt-Out-Cookie setzen. Opt-Out-Cookies verhindern die zuk\u00fcnftige Erfassung Ihrer Daten beim Besuch dieser Website. Sie m\u00fcssen das Opt-Out auf allen genutzten Systemen und Ger\u00e4ten durchf\u00fchren, damit dies umfassend wirkt. Wenn Sie das Opt-out-Cookie l\u00f6schen, werden wieder Anfragen an Google \u00fcbermittelt. Wenn Sie hier klicken, wird das Opt-Out-Cookie gesetzt: Google Analytics deaktivieren.<br \/>\nN\u00e4here Informationen zu Nutzungsbedingungen und Datenschutz finden Sie unter https:\/\/www.google.com\/analytics\/terms\/de.html bzw. unter https:\/\/www.google.de\/intl\/de\/policies\/ sowie unter https:\/\/policies.google.com\/technologies\/cookies?hl=de.<\/p>\n\t\t\t\t\t\t\t\t<\/div>\n\t\t\t\t<\/div>\n\t\t\t\t<div class=\"elementor-element elementor-element-ab337f2 elementor-widget elementor-widget-heading\" data-id=\"ab337f2\" data-element_type=\"widget\" data-e-type=\"widget\" data-widget_type=\"heading.default\">\n\t\t\t\t<div class=\"elementor-widget-container\">\n\t\t\t\t\t<h2 class=\"elementor-heading-title elementor-size-default\">Plug-ins<\/h2>\t\t\t\t<\/div>\n\t\t\t\t<\/div>\n\t\t\t\t<div class=\"elementor-element elementor-element-7c427d3 elementor-widget elementor-widget-heading\" data-id=\"7c427d3\" data-element_type=\"widget\" data-e-type=\"widget\" data-widget_type=\"heading.default\">\n\t\t\t\t<div class=\"elementor-widget-container\">\n\t\t\t\t\t<h2 class=\"elementor-heading-title elementor-size-default\">Verwendung von GoogleMaps<\/h2>\t\t\t\t<\/div>\n\t\t\t\t<\/div>\n\t\t\t\t<div class=\"elementor-element elementor-element-8c29374 elementor-widget elementor-widget-text-editor\" data-id=\"8c29374\" data-element_type=\"widget\" data-e-type=\"widget\" data-widget_type=\"text-editor.default\">\n\t\t\t\t<div class=\"elementor-widget-container\">\n\t\t\t\t\t\t\t\t\t<p>Wir verwenden auf unserer Website die Funktion zur Einbettung von GoogleMaps-Karten der Google LLC (1600 Amphitheatre Parkway, Mountain View, CA 94043, USA; \u201eGoogle\u201c).<br \/>\nSoweit Sie Ihren gew\u00f6hnlichen Aufenthalt im Europ\u00e4ischen Wirtschaftsraum oder der Schweiz haben, ist Google Ireland Limited (Gordon House, Barrow Street, Dublin 4, Irland) der f\u00fcr Ihre Daten zust\u00e4ndige Verantwortliche. Google Ireland Limited ist demnach das mit Google verbundene Unternehmen, welches f\u00fcr die Verarbeitung Ihrer Daten und die Einhaltung der anwendbaren Datenschutzgesetze verantwortlich ist.<br \/>\nDie Funktion erm\u00f6glicht die visuelle Darstellung von geographischen Informationen und interaktiven Landkarten. Dabei werden von Google bei Aufrufen der Seiten, in die GoogleMaps-Karten eingebunden sind, auch Daten der Besucher der Websites erhoben, verarbeitet und genutzt.<br \/>\nIhre Daten werden dabei gegebenenfalls auch in die USA \u00fcbermittelt. Google hat sich nach dem US-EU-Datenschutzabkommen \u201cPrivacy Shield\u201d zertifiziert und damit verpflichtet, die europ\u00e4ischen Datenschutzrichtlinien einzuhalten.<br \/>\nDie Datenverarbeitung, insbesondere das Setzen von Cookies, erfolgt auf Grundlage des Art. 6 Abs. 1 lit. f DSGVO aus dem berechtigten Interesse an der bedarfsgerechten und zielgerichteten Gestaltung unserer Website. Sie haben das Recht aus Gr\u00fcnden, die sich aus Ihrer besonderen Situation ergeben, jederzeit dieser auf Art. 6 Abs. 1 lit. f DSGVO beruhenden Verarbeitungen Sie betreffender personenbezogener Daten zu widersprechen.<br \/>\nN\u00e4here Informationen zur Erhebung und Nutzung der Daten durch Google finden Sie in den Datenschutzhinweisen von Google unter https:\/\/www.google.com\/privacypolicy.html. Dort haben Sie auch im Datenschutzcenter die M\u00f6glichkeit, Ihre Einstellungen zu ver\u00e4ndern, so dass Sie Ihre von Google verarbeiteten Daten verwalten und sch\u00fctzen k\u00f6nnen.<\/p>\n\t\t\t\t\t\t\t\t<\/div>\n\t\t\t\t<\/div>\n\t\t\t\t<div class=\"elementor-element elementor-element-0fcdd97 elementor-widget elementor-widget-heading\" data-id=\"0fcdd97\" data-element_type=\"widget\" data-e-type=\"widget\" data-widget_type=\"heading.default\">\n\t\t\t\t<div class=\"elementor-widget-container\">\n\t\t\t\t\t<h2 class=\"elementor-heading-title elementor-size-default\">Betroffenenrechte und Speicherdauer<\/h2>\t\t\t\t<\/div>\n\t\t\t\t<\/div>\n\t\t\t\t<div class=\"elementor-element elementor-element-deef56f elementor-widget elementor-widget-heading\" data-id=\"deef56f\" data-element_type=\"widget\" data-e-type=\"widget\" data-widget_type=\"heading.default\">\n\t\t\t\t<div class=\"elementor-widget-container\">\n\t\t\t\t\t<h2 class=\"elementor-heading-title elementor-size-default\">Dauer der Speicherung<\/h2>\t\t\t\t<\/div>\n\t\t\t\t<\/div>\n\t\t\t\t<div class=\"elementor-element elementor-element-0323dcd elementor-widget elementor-widget-text-editor\" data-id=\"0323dcd\" data-element_type=\"widget\" data-e-type=\"widget\" data-widget_type=\"text-editor.default\">\n\t\t\t\t<div class=\"elementor-widget-container\">\n\t\t\t\t\t\t\t\t\t<p>Die Daten werden unter Ber\u00fccksichtigung gesetzlicher Aufbewahrungsfristen gespeichert und dann nach Fristablauf gel\u00f6scht, sofern Sie der weitergehenden Verarbeitung und Nutzung nicht zugestimmt haben.<br \/>\nRechte der betroffenen Person<br \/>\nIhnen stehen bei Vorliegen der gesetzlichen Voraussetzungen folgende Rechte nach Artt. 15 bis 20 DSGVO zu: Recht auf Auskunft, auf Berichtigung, auf L\u00f6schung, auf Einschr\u00e4nkung der Verarbeitung, auf Daten\u00fcbertragbarkeit.<br \/>\nAu\u00dferdem steht Ihnen nach Art. 21 Abs. 1 DSGVO ein Widerspruchsrecht gegen die Verarbeitungen zu, die auf Art. 6 Abs. 1 f DSGVO beruhen, sowie gegen die Verarbeitung zum Zwecke von Direktwerbung.<\/p>\n<p>Kontaktieren Sie uns auf Wunsch. Die Kontaktdaten finden Sie in unserem Impressum.<\/p>\n\t\t\t\t\t\t\t\t<\/div>\n\t\t\t\t<\/div>\n\t\t\t\t<div class=\"elementor-element elementor-element-d6132dc elementor-widget elementor-widget-heading\" data-id=\"d6132dc\" data-element_type=\"widget\" data-e-type=\"widget\" data-widget_type=\"heading.default\">\n\t\t\t\t<div class=\"elementor-widget-container\">\n\t\t\t\t\t<h2 class=\"elementor-heading-title elementor-size-default\">Beschwerderecht bei der Aufsichtsbeh\u00f6rde<\/h2>\t\t\t\t<\/div>\n\t\t\t\t<\/div>\n\t\t\t\t<div class=\"elementor-element elementor-element-4d9eceb elementor-widget elementor-widget-text-editor\" data-id=\"4d9eceb\" data-element_type=\"widget\" data-e-type=\"widget\" data-widget_type=\"text-editor.default\">\n\t\t\t\t<div class=\"elementor-widget-container\">\n\t\t\t\t\t\t\t\t\t<p>Sie haben gem\u00e4\u00df Art. 77 DSGVO das Recht, sich bei der Aufsichtsbeh\u00f6rde zu beschweren, wenn Sie der Ansicht sind, dass die Verarbeitung Ihrer personenbezogenen Daten nicht rechtm\u00e4\u00dfig erfolgt.<\/p>\n\t\t\t\t\t\t\t\t<\/div>\n\t\t\t\t<\/div>\n\t\t\t\t<div class=\"elementor-element elementor-element-5ef7f1c elementor-widget elementor-widget-heading\" data-id=\"5ef7f1c\" data-element_type=\"widget\" data-e-type=\"widget\" data-widget_type=\"heading.default\">\n\t\t\t\t<div class=\"elementor-widget-container\">\n\t\t\t\t\t<h2 class=\"elementor-heading-title elementor-size-default\">Widerspruchsrecht<\/h2>\t\t\t\t<\/div>\n\t\t\t\t<\/div>\n\t\t\t\t<div class=\"elementor-element elementor-element-23caaee elementor-widget elementor-widget-text-editor\" data-id=\"23caaee\" data-element_type=\"widget\" data-e-type=\"widget\" data-widget_type=\"text-editor.default\">\n\t\t\t\t<div class=\"elementor-widget-container\">\n\t\t\t\t\t\t\t\t\t<p>Beruhen die hier aufgef\u00fchrten personenbezogenen Datenverarbeitungen auf Grundlage unseres berechtigten Interesses nach Art. 6 Abs. 1 lit. f DSGVO, haben Sie das Recht aus Gr\u00fcnden, die sich aus Ihrer besonderen Situation ergeben, jederzeit diesen Verarbeitungen mit Wirkung f\u00fcr die Zukunft zu widersprechen.<br \/>Nach erfolgtem Widerspruch wird die Verarbeitung der betroffenen Daten beendet, es sei denn, wir k\u00f6nnen zwingende schutzw\u00fcrdige Gr\u00fcnde f\u00fcr die Verarbeitung nachweisen, die Ihren Interessen, Rechten und Freiheiten \u00fcberwiegen, oder wenn die Verarbeitung der Geltendmachung, Aus\u00fcbung oder Verteidigung von Rechtsanspr\u00fcchen dient.<\/p>\n<p>Erfolgt die personenbezogene Datenverarbeitung zu Zwecken der Direktwerbung, k\u00f6nnen Sie dieser Verarbeitung jederzeit durch Mitteilung an uns widersprechen. Nach erfolgtem Widerspruch beenden wir die Verarbeitung der betroffenen Daten zum Zwecke der Direktwerbung.<\/p>\n\t\t\t\t\t\t\t\t<\/div>\n\t\t\t\t<\/div>\n\t\t\t\t\t<\/div>\n\t\t<\/div>\n\t\t\t\t\t<\/div>\n\t\t<\/section>\n\t\t\t\t<\/div>\n\t\t","protected":false},"excerpt":{"rendered":"<p>Datenschutz Soweit nachstehend keine anderen Angaben gemacht werden, ist die Bereitstellung Ihrer personenbezogenen Daten weder gesetzlich oder vertraglich vorgeschrieben, noch f\u00fcr einen Vertragsabschluss erforderlich. Sie sind zur Bereitstellung der Daten nicht verpflichtet. Eine Nichtbereitstellung hat keine Folgen. Dies gilt nur soweit bei den nachfolgenden Verarbeitungsvorg\u00e4ngen keine anderweitige Angabe gemacht wird. \u201cPersonenbezogene Daten\u201d sind alle Informationen, [&hellip;]<\/p>\n","protected":false},"author":3,"featured_media":0,"parent":0,"menu_order":0,"comment_status":"closed","ping_status":"closed","template":"elementor_header_footer","meta":{"inline_featured_image":false,"footnotes":""},"class_list":["post-22433","page","type-page","status-publish","hentry"],"_links":{"self":[{"href":"https:\/\/www.everbrent.com\/nl\/wp-json\/wp\/v2\/pages\/22433","targetHints":{"allow":["GET"]}}],"collection":[{"href":"https:\/\/www.everbrent.com\/nl\/wp-json\/wp\/v2\/pages"}],"about":[{"href":"https:\/\/www.everbrent.com\/nl\/wp-json\/wp\/v2\/types\/page"}],"author":[{"embeddable":true,"href":"https:\/\/www.everbrent.com\/nl\/wp-json\/wp\/v2\/users\/3"}],"replies":[{"embeddable":true,"href":"https:\/\/www.everbrent.com\/nl\/wp-json\/wp\/v2\/comments?post=22433"}],"version-history":[{"count":1,"href":"https:\/\/www.everbrent.com\/nl\/wp-json\/wp\/v2\/pages\/22433\/revisions"}],"predecessor-version":[{"id":22434,"href":"https:\/\/www.everbrent.com\/nl\/wp-json\/wp\/v2\/pages\/22433\/revisions\/22434"}],"wp:attachment":[{"href":"https:\/\/www.everbrent.com\/nl\/wp-json\/wp\/v2\/media?parent=22433"}],"curies":[{"name":"wp","href":"https:\/\/api.w.org\/{rel}","templated":true}]}}