{"id":22425,"date":"2021-03-22T12:20:27","date_gmt":"2021-03-22T11:20:27","guid":{"rendered":"http:\/\/clients.bxw.rocks\/everbrent\/afdruk\/"},"modified":"2021-11-24T10:53:06","modified_gmt":"2021-11-24T09:53:06","slug":"afdruk","status":"publish","type":"page","link":"https:\/\/www.everbrent.com\/nl\/afdruk\/","title":{"rendered":"Afdruk"},"content":{"rendered":"\t\t<div data-elementor-type=\"wp-page\" data-elementor-id=\"22425\" class=\"elementor elementor-22425 elementor-21850\" data-elementor-post-type=\"page\">\n\t\t\t\t\t\t<section class=\"elementor-section elementor-top-section elementor-element elementor-element-9b0d15f elementor-section-height-full welcome elementor-section-boxed elementor-section-height-default elementor-section-items-middle\" data-id=\"9b0d15f\" data-element_type=\"section\" data-e-type=\"section\" data-settings=\"{&quot;background_background&quot;:&quot;classic&quot;}\">\n\t\t\t\t\t\t<div class=\"elementor-container elementor-column-gap-default\">\n\t\t\t\t\t<div class=\"elementor-column elementor-col-33 elementor-top-column elementor-element elementor-element-0068d59\" data-id=\"0068d59\" data-element_type=\"column\" data-e-type=\"column\" data-settings=\"{&quot;background_background&quot;:&quot;classic&quot;}\">\n\t\t\t<div class=\"elementor-widget-wrap elementor-element-populated\">\n\t\t\t\t\t\t<div class=\"elementor-element elementor-element-f36cf2c elementor-widget elementor-widget-heading\" data-id=\"f36cf2c\" data-element_type=\"widget\" data-e-type=\"widget\" data-settings=\"{&quot;_animation&quot;:&quot;none&quot;}\" data-widget_type=\"heading.default\">\n\t\t\t\t<div class=\"elementor-widget-container\">\n\t\t\t\t\t<h1 class=\"elementor-heading-title elementor-size-default\">Impressum<\/h1>\t\t\t\t<\/div>\n\t\t\t\t<\/div>\n\t\t\t\t<div class=\"elementor-element elementor-element-b978221 elementor-widget elementor-widget-heading\" data-id=\"b978221\" data-element_type=\"widget\" data-e-type=\"widget\" data-settings=\"{&quot;_animation&quot;:&quot;none&quot;}\" data-widget_type=\"heading.default\">\n\t\t\t\t<div class=\"elementor-widget-container\">\n\t\t\t\t\t<h2 class=\"elementor-heading-title elementor-size-default\">Gesetzliche Anbieterkennung:<\/h2>\t\t\t\t<\/div>\n\t\t\t\t<\/div>\n\t\t\t\t<div class=\"elementor-element elementor-element-a17e776 elementor-widget elementor-widget-text-editor\" data-id=\"a17e776\" data-element_type=\"widget\" data-e-type=\"widget\" data-settings=\"{&quot;_animation&quot;:&quot;none&quot;,&quot;_animation_delay&quot;:0}\" data-widget_type=\"text-editor.default\">\n\t\t\t\t<div class=\"elementor-widget-container\">\n\t\t\t\t\t\t\t\t\t<p><strong>Everbrent GmbH<\/strong><br \/>diese vertr. d. d. Gesch\u00e4ftsf\u00fchrer Alexander Brell, Mario Oellers<\/p>\n\t\t\t\t\t\t\t\t<\/div>\n\t\t\t\t<\/div>\n\t\t\t\t<div class=\"elementor-element elementor-element-8db39dd elementor-widget elementor-widget-text-editor\" data-id=\"8db39dd\" data-element_type=\"widget\" data-e-type=\"widget\" data-settings=\"{&quot;_animation&quot;:&quot;none&quot;,&quot;_animation_delay&quot;:0}\" data-widget_type=\"text-editor.default\">\n\t\t\t\t<div class=\"elementor-widget-container\">\n\t\t\t\t\t\t\t\t\t<p>Everbrent GmbH <br \/>Christophstrasse 2<br \/>50670 K\u00f6ln<br \/>Deutschland<\/p>\t\t\t\t\t\t\t\t<\/div>\n\t\t\t\t<\/div>\n\t\t\t\t<div class=\"elementor-element elementor-element-5921a9b elementor-widget elementor-widget-text-editor\" data-id=\"5921a9b\" data-element_type=\"widget\" data-e-type=\"widget\" data-settings=\"{&quot;_animation&quot;:&quot;none&quot;,&quot;_animation_delay&quot;:0}\" data-widget_type=\"text-editor.default\">\n\t\t\t\t<div class=\"elementor-widget-container\">\n\t\t\t\t\t\t\t\t\t<p>Telefon: 022137050052<br \/>E-Mail: service(at)everbrent.com<\/p>\n\t\t\t\t\t\t\t\t<\/div>\n\t\t\t\t<\/div>\n\t\t\t\t<div class=\"elementor-element elementor-element-58cff58 elementor-widget elementor-widget-text-editor\" data-id=\"58cff58\" data-element_type=\"widget\" data-e-type=\"widget\" data-settings=\"{&quot;_animation&quot;:&quot;none&quot;,&quot;_animation_delay&quot;:0}\" data-widget_type=\"text-editor.default\">\n\t\t\t\t<div class=\"elementor-widget-container\">\n\t\t\t\t\t\t\t\t\t<p>USt-IdNr.: DE308974600<br \/>eingetragen im Handelsregister des Amtsgerichtes K\u00f6ln<br \/>Handelsregisternummer HRB 89131<\/p>\n\t\t\t\t\t\t\t\t<\/div>\n\t\t\t\t<\/div>\n\t\t\t\t<div class=\"elementor-element elementor-element-92ba7cf elementor-widget elementor-widget-spacer\" data-id=\"92ba7cf\" data-element_type=\"widget\" data-e-type=\"widget\" data-widget_type=\"spacer.default\">\n\t\t\t\t<div class=\"elementor-widget-container\">\n\t\t\t\t\t\t\t<div class=\"elementor-spacer\">\n\t\t\t<div class=\"elementor-spacer-inner\"><\/div>\n\t\t<\/div>\n\t\t\t\t\t\t<\/div>\n\t\t\t\t<\/div>\n\t\t\t\t\t<\/div>\n\t\t<\/div>\n\t\t\t\t<div class=\"elementor-column elementor-col-33 elementor-top-column elementor-element elementor-element-c5f5f12\" data-id=\"c5f5f12\" data-element_type=\"column\" data-e-type=\"column\">\n\t\t\t<div class=\"elementor-widget-wrap elementor-element-populated\">\n\t\t\t\t\t\t<div class=\"elementor-element elementor-element-fa3bf00 elementor-widget elementor-widget-text-editor\" data-id=\"fa3bf00\" data-element_type=\"widget\" data-e-type=\"widget\" data-settings=\"{&quot;_animation&quot;:&quot;none&quot;,&quot;_animation_delay&quot;:0}\" data-widget_type=\"text-editor.default\">\n\t\t\t\t<div class=\"elementor-widget-container\">\n\t\t\t\t\t\t\t\t\t<p>Wir sind bereit, an Streitbeilegungsverfahren vor Verbraucherschlichtungsstellen teilzunehmen.<\/p>\n<p><strong>Wir sind seit 04.02.2020 Mitglied der Initiative \u201cFairCommerce\u201d.<\/strong><br \/>N\u00e4here Informationen hierzu finden Sie unter <a href=\"http:\/\/www.fair-commerce.de\" target=\"_blank\" rel=\"noopener\">www.fair-commerce.de.<\/a><\/p>\n\t\t\t\t\t\t\t\t<\/div>\n\t\t\t\t<\/div>\n\t\t\t\t\t<\/div>\n\t\t<\/div>\n\t\t\t\t<div class=\"elementor-column elementor-col-33 elementor-top-column elementor-element elementor-element-2eb0b1d elementor-hidden-tablet\" data-id=\"2eb0b1d\" data-element_type=\"column\" data-e-type=\"column\">\n\t\t\t<div class=\"elementor-widget-wrap\">\n\t\t\t\t\t\t\t<\/div>\n\t\t<\/div>\n\t\t\t\t\t<\/div>\n\t\t<\/section>\n\t\t\t\t<\/div>\n\t\t","protected":false},"excerpt":{"rendered":"<p>Impressum Gesetzliche Anbieterkennung: Everbrent GmbHdiese vertr. d. d. Gesch\u00e4ftsf\u00fchrer Alexander Brell, Mario Oellers Everbrent GmbH Christophstrasse 250670 K\u00f6lnDeutschland Telefon: 022137050052E-Mail: service(at)everbrent.com USt-IdNr.: DE308974600eingetragen im Handelsregister des Amtsgerichtes K\u00f6lnHandelsregisternummer HRB 89131 Wir sind bereit, an Streitbeilegungsverfahren vor Verbraucherschlichtungsstellen teilzunehmen. Wir sind seit 04.02.2020 Mitglied der Initiative \u201cFairCommerce\u201d.N\u00e4here Informationen hierzu finden Sie unter www.fair-commerce.de.<\/p>\n","protected":false},"author":3,"featured_media":0,"parent":0,"menu_order":0,"comment_status":"closed","ping_status":"closed","template":"elementor_header_footer","meta":{"inline_featured_image":false,"footnotes":""},"class_list":["post-22425","page","type-page","status-publish","hentry"],"_links":{"self":[{"href":"https:\/\/www.everbrent.com\/nl\/wp-json\/wp\/v2\/pages\/22425","targetHints":{"allow":["GET"]}}],"collection":[{"href":"https:\/\/www.everbrent.com\/nl\/wp-json\/wp\/v2\/pages"}],"about":[{"href":"https:\/\/www.everbrent.com\/nl\/wp-json\/wp\/v2\/types\/page"}],"author":[{"embeddable":true,"href":"https:\/\/www.everbrent.com\/nl\/wp-json\/wp\/v2\/users\/3"}],"replies":[{"embeddable":true,"href":"https:\/\/www.everbrent.com\/nl\/wp-json\/wp\/v2\/comments?post=22425"}],"version-history":[{"count":4,"href":"https:\/\/www.everbrent.com\/nl\/wp-json\/wp\/v2\/pages\/22425\/revisions"}],"predecessor-version":[{"id":22752,"href":"https:\/\/www.everbrent.com\/nl\/wp-json\/wp\/v2\/pages\/22425\/revisions\/22752"}],"wp:attachment":[{"href":"https:\/\/www.everbrent.com\/nl\/wp-json\/wp\/v2\/media?parent=22425"}],"curies":[{"name":"wp","href":"https:\/\/api.w.org\/{rel}","templated":true}]}}